{"id":56564,"date":"2022-05-24T11:56:26","date_gmt":"2022-05-24T09:56:26","guid":{"rendered":"https:\/\/roomescaperoom.ch\/?page_id=56564"},"modified":"2023-08-14T16:52:19","modified_gmt":"2023-08-14T14:52:19","slug":"rette-da-vinci-code-2","status":"publish","type":"page","link":"https:\/\/roomescaperoom.ch\/en\/rette-da-vinci-code-2\/","title":{"rendered":"Rette ROOM Escape Room Z\u00fcrich"},"content":{"rendered":"\t\t<div data-elementor-type=\"wp-page\" data-elementor-id=\"56564\" class=\"elementor elementor-56564\">\n\t\t\t\t\t\t<section class=\"elementor-section elementor-top-section elementor-element elementor-element-1207bb2e elementor-section-height-min-height elementor-section-stretched elementor-section-boxed elementor-section-height-default elementor-section-items-middle\" data-id=\"1207bb2e\" data-element_type=\"section\" data-settings=\"{&quot;stretch_section&quot;:&quot;section-stretched&quot;,&quot;background_background&quot;:&quot;classic&quot;}\">\n\t\t\t\t\t\t<div class=\"elementor-container elementor-column-gap-default\">\n\t\t\t\t\t<div class=\"elementor-column elementor-col-50 elementor-top-column elementor-element elementor-element-60cef2a8\" data-id=\"60cef2a8\" data-element_type=\"column\">\n\t\t\t<div class=\"elementor-widget-wrap\">\n\t\t\t\t\t\t\t<\/div>\n\t\t<\/div>\n\t\t\t\t<div class=\"elementor-column elementor-col-50 elementor-top-column elementor-element elementor-element-24b07aad elementor-hidden-mobile\" data-id=\"24b07aad\" data-element_type=\"column\">\n\t\t\t<div class=\"elementor-widget-wrap\">\n\t\t\t\t\t\t\t<\/div>\n\t\t<\/div>\n\t\t\t\t\t<\/div>\n\t\t<\/section>\n\t\t<div class=\"elementor-element elementor-element-1968680 e-flex e-con-boxed e-con e-parent\" data-id=\"1968680\" data-element_type=\"container\">\n\t\t\t\t\t<div class=\"e-con-inner\">\n\t\t\t\t<div class=\"elementor-element elementor-element-68f42bc elementor-widget elementor-widget-text-editor\" data-id=\"68f42bc\" data-element_type=\"widget\" data-widget_type=\"text-editor.default\">\n\t\t\t\t<div class=\"elementor-widget-container\">\n\t\t\t\t\t\t\t\t\t<div id=\"pl-56564\" class=\"panel-layout\"><div id=\"pg-56564-1\" class=\"panel-grid panel-has-style\" data-style=\"{&quot;row_css&quot;:&quot;color: #fff&quot;,&quot;mobile_css&quot;:&quot;color: #fff&quot;,&quot;padding&quot;:&quot;20px 0px 0px 0px&quot;,&quot;background&quot;:&quot;#1a1a1a&quot;,&quot;background_image_attachment&quot;:false,&quot;background_display&quot;:&quot;tile&quot;,&quot;bottom_margin&quot;:&quot;0px&quot;,&quot;row_stretch&quot;:&quot;full&quot;,&quot;cell_alignment&quot;:&quot;center&quot;}\" data-ratio=\"1\" data-ratio-direction=\"right\"><div class=\"siteorigin-panels-stretch panel-row-style panel-row-style-for-56564-1\" data-stretch-type=\"full\"><div id=\"pgc-56564-1-0\" class=\"panel-grid-cell\" data-weight=\"1\"><div id=\"panel-56564-1-0-0\" class=\"so-panel widget widget_sow-editor panel-first-child panel-last-child\" data-index=\"1\" data-style=\"{&quot;background_image_attachment&quot;:false,&quot;background_display&quot;:&quot;tile&quot;}\"><div class=\"so-widget-sow-editor so-widget-sow-editor-base\"><div class=\"siteorigin-widget-tinymce textwidget\"><p><br \/><iframe title=\"YouTube video player\" src=\"https:\/\/www.youtube.com\/embed\/Wh9h6QAV4cg\" width=\"100%\" height=\"400\" frameborder=\"0\" allowfullscreen=\"allowfullscreen\" data-mce-fragment=\"1\"><\/iframe><\/p><p style=\"text-align: center;\"><a class=\"more-link\" title=\"\" href=\"https:\/\/www.change.org\/p\/rette-da-vinci-code-rette-room-escape-room-z%C3%BCrich\" target=\"_blank\" rel=\"noopener\">Unterschreibe die Petition<\/a><\/p><p><strong>Rette &#8220;Da Vinci Code&#8221; vor dem Abriss! Rette ROOM Escape Room Z\u00fcrich!<\/strong><\/p><p><strong class=\"rette-da-vinci-title\">Um was geht es?<\/strong><\/p><p>Einer der bestbewerteten Escape R\u00e4ume in Z\u00fcrich muss leider abgerissen werden, da ein Baurekursverfahren entschied, dass wir den Escape Room &#8220;Da Vinci Code&#8221; abreissen m\u00fcssen.<\/p><p><strong class=\"rette-da-vinci-title\">Warum wurde so entschieden?<\/strong><\/p><p>In dem 5 Meter hohen Raum darf nicht zweist\u00f6ckig gebaut werden, da maximal sechs Stockwerke in dem Geb\u00e4udekomplex, zu welchem das ROOM Escape Room Z\u00fcrich geh\u00f6rt, erlaubt sind.<\/p><p><strong class=\"rette-da-vinci-title\">Wieso haben wir es nicht vor dem Planen und Umsetzen des Raumes gewusst?<\/strong><\/p><p>Im Dezember 2017 hat die anwesende Kreisarchitektin falsche Informationen herausgegeben, ihre Nachfolgerin hat gegens\u00e4tzlich entschieden. Weiter hatten wir uns auf die Informationen, die wir vom Vermieter und Nachbarn erhalten haben, vertraut. Laut dem Vermieter war es erlaubt, zweist\u00f6ckig zu bauen. Und der Nachbar, welcher zum gleichen Geb\u00e4udekomplex geh\u00f6rt, hat schliesslich bereits gebaut und dieser meinte auch, dass alles schon bewilligt sei.<\/p><p><strong class=\"rette-da-vinci-title\">Aus welchen Gr\u00fcnden sollte &#8220;Da Vinci Code&#8221; gerettet werden?<\/strong><\/p><p>Wir sind sehr stolz auf unsere Escape Games. &#8220;Da Vinci Code&#8221; ist sehr aufwendig und mit viel Liebe zum Detail gebaut: allein um das Leonardomosaik zu erstellen, brauchten wir 16000 Steine und 4 Wochen! Zudem f\u00f6rdern wir den kulturellen Austausch und bieten den Raum \u201eDa Vinci Code\u201c in 10 Sprachen an.<\/p><p><strong class=\"rette-da-vinci-title\">Welche Gefahr entsteht, wenn &#8220;Da Vinci Code&#8221; abgerissen wird?<\/strong><\/p><p>Ausser dass wir einen einzigartigen Escape Room verlieren, wird das ganze ROOM Escape Room Z\u00fcrich sehr darunter leiden.<\/p><ul><li>Auch ein anderer Escape Room &#8220;Das Geisterhaus&#8221; w\u00fcrde bei dem Abriss kaputt gehen. Allein wegen der Bel\u00fcftung, die vom &#8220;Da Vinci Code&#8221; durch &#8220;Das Geisterhaus&#8221; geht.<\/li><li>Alle elektrischen Kabel gehen durch &#8220;Da Vinci Code&#8221;. Auch das Internetkabel von der<br \/>Nachbarin.<\/li><\/ul><p>Damit gehen leider <strong>alle Kabel<\/strong>, die wir brauchen, um die R\u00e4ume zu steuern, verloren. Es gehen alle Verbindungen <strong>verloren<\/strong>! Das ist viel zu teuer, um das <strong>alles neu zu verbinden<\/strong>.<\/p><p>Es geht hier um die Existenz des ROOMs selbst.<\/p><p><strong class=\"rette-da-vinci-title\">Was ist unser Ziel?<\/strong><\/p><ul><li><strong>korrekte Stockwerkz\u00e4hlung<\/strong>. In unserem Geb\u00e4udeteil sind wahrhaft 6 Stockwerke, wenn man von unten nach oben z\u00e4hlt, was anerkannt werden soll.<\/li><li><strong>Zonenplan\u00e4nderung f\u00fcr den Geb\u00e4udekomplex<\/strong>, zu welchem das ROOM Escape Room Z\u00fcrich geh\u00f6rt. Hohlstrasse 465, 8048 Z\u00fcrich<\/li><\/ul><p>Im Zusammenhang mit dem &#8220;Da Vinci Code&#8221; sollten wir ein realistisches Ziel angehen, und zwar <strong>7 Stockwerke<\/strong>!<\/p><p>Mit der Petition retten wir nicht nur ROOM Escape Room Z\u00fcrich. Durch einen Abriss des Stockwerkes beim Nachbarn, welche das Tattoostudio &#8220;Born 1891&#8221; betreiben, gehen 50% der Nutzfl\u00e4che verloren. Deswegen ist die <strong>Zonenplan\u00e4nderung die beste L\u00f6sung<\/strong> f\u00fcr uns alle!<\/p><p><strong class=\"rette-da-vinci-title\">WICHTIG!!!<\/strong><\/p><ul><li>Das Geb\u00e4ude st\u00f6rt das Stadtbild nicht, da es lediglich innen ein zus\u00e4tzliches Stockwerk hat.<\/li><li>Das Geb\u00e4ude ist und bleibt sicher (H\u00f6he des Geb\u00e4udes wurde nicht ver\u00e4ndert, Boden ist auch sicher).<\/li><\/ul><p><strong>Neben uns wurden 2 Hochh\u00e4user gebaut, welche beide eine Spezialbewilligung erhalten haben. Anstatt 6 Stockwerke haben die 20 und 22.<\/strong><\/p><p><strong>Dieser Aufwand w\u00fcrde sich nicht lohnen<\/strong>, den &#8220;Da Vinci Code&#8221; abzureissen, nur weil da eine Plattform zu viel ist! Finanziell ist das ein Leerlauf!<\/p><ul><li>Den &#8220;Da Vinci Code&#8221; Raum an einem anderen Standort wieder aufzubauen w\u00fcrde in etwa genau so viel kosten wie einen neuen Raum zu errichten.<\/li><li>Auch sind wir nach Corona geschw\u00e4cht und die R\u00e4ume wurden 2 Jahre \u00e4lter, ohne dass sie richtig gebraucht wurden!<\/li><\/ul><p>Deswegen bist <strong>du<\/strong>, lieber Leser, <strong>unsere letzte Hoffnung<\/strong>!<\/p><p><strong>RETTE &#8220;DA VINCI CODE&#8221;<\/strong><br \/><strong>RETTE ROOM ESCAPE ROOM Z\u00dcRICH<\/strong><br \/><strong>UNTERSCHREIBE DIE PETITION<\/strong><br \/><strong>DEINE UNTERSCHRIFT Z\u00c4HLT!<\/strong><\/p><p>Website: <a style=\"color: #ff0066;\" href=\"http:\/\/www.roomescaperoom.ch\">www.roomescaperoom.ch<\/a><br \/>Instagram: <a style=\"color: #ff0066;\" href=\"http:\/\/www.instagram.com\/roomescaperoom\" target=\"_blank\" rel=\"noopener\">www.instagram.com\/roomescaperoom<\/a><br \/>Facebook: <a style=\"color: #ff0066;\" href=\"http:\/\/www.facebook.com\/ROOMescaperoomzurich\" target=\"_blank\" rel=\"noopener\">www.facebook.com\/ROOMescaperoomzurich<\/a><\/p><p>\u00a0<\/p><p style=\"text-align: center;\"><a class=\"more-link\" title=\"\" href=\"https:\/\/www.change.org\/p\/rette-da-vinci-code-rette-room-escape-room-z%C3%BCrich\" target=\"_blank\" rel=\"noopener\">Unterschreibe die Petition<\/a><\/p><p>\u00a0<\/p><\/div><\/div><\/div><\/div><\/div><\/div><\/div>\t\t\t\t\t\t\t\t<\/div>\n\t\t\t\t<\/div>\n\t\t\t\t\t<\/div>\n\t\t\t\t<\/div>\n\t\t\t\t<\/div>\n\t\t","protected":false},"excerpt":{"rendered":"<p>Unterschreibe die Petition Rette &#8220;Da Vinci Code&#8221; vor dem Abriss! Rette ROOM Escape Room Z\u00fcrich! Um was geht es? Einer der bestbewerteten Escape R\u00e4ume in Z\u00fcrich muss leider abgerissen werden, da ein Baurekursverfahren entschied, dass wir den Escape Room &#8220;Da Vinci Code&#8221; abreissen m\u00fcssen. Warum wurde so entschieden? In dem 5 Meter hohen Raum darf nicht zweist\u00f6ckig gebaut werden, da maximal sechs Stockwerke in dem Geb\u00e4udekomplex, zu welchem das ROOM Escape Room Z\u00fcrich geh\u00f6rt, erlaubt sind. Wieso haben wir es nicht vor dem Planen und Umsetzen des Raumes gewusst? Im Dezember 2017 hat die anwesende Kreisarchitektin falsche Informationen herausgegeben, ihre Nachfolgerin hat gegens\u00e4tzlich entschieden. Weiter hatten wir uns auf die Informationen, die wir vom Vermieter und Nachbarn erhalten haben, vertraut. Laut dem Vermieter war es erlaubt, zweist\u00f6ckig zu bauen. Und der Nachbar, welcher zum gleichen Geb\u00e4udekomplex geh\u00f6rt, hat schliesslich bereits gebaut und dieser meinte auch, dass alles schon bewilligt sei.<\/p>\n","protected":false},"author":6,"featured_media":0,"parent":0,"menu_order":0,"comment_status":"closed","ping_status":"closed","template":"page-templates\/page-builder.php","meta":{"_acf_changed":false,"footnotes":""},"class_list":["post-56564","page","type-page","status-publish","hentry"],"acf":[],"yoast_head":"<!-- This site is optimized with the Yoast SEO Premium plugin v25.4 (Yoast SEO v25.4) - https:\/\/yoast.com\/wordpress\/plugins\/seo\/ -->\n<title>Rette ROOM Escape Room Z\u00fcrich<\/title>\n<meta name=\"description\" content=\"Der perfekte Escape Room f\u00fcr ihr Teambuilding-Event. Zusammen mit unserem VR-Adventure Partner k\u00f6nnen bis zu 80 Personen gleichzeitig spielen!\" \/>\n<meta name=\"robots\" content=\"index, follow, max-snippet:-1, max-image-preview:large, max-video-preview:-1\" \/>\n<link rel=\"canonical\" href=\"https:\/\/roomescaperoom.ch\/en\/wp-json\/wp\/v2\/pages\/56564\" \/>\n<meta property=\"og:locale\" content=\"en_US\" \/>\n<meta property=\"og:type\" content=\"article\" \/>\n<meta property=\"og:title\" content=\"Rette ROOM Escape Room Z\u00fcrich\" \/>\n<meta property=\"og:description\" content=\"Der perfekte Escape Room f\u00fcr ihr Teambuilding-Event. Zusammen mit unserem VR-Adventure Partner k\u00f6nnen bis zu 80 Personen gleichzeitig spielen!\" \/>\n<meta property=\"og:url\" content=\"https:\/\/roomescaperoom.ch\/rette-da-vinci-code-2\/\" \/>\n<meta property=\"og:site_name\" content=\"ROOM: escape \u2022 arcade \u2022 activate games\" \/>\n<meta property=\"article:publisher\" content=\"https:\/\/www.facebook.com\/ROOMescaperoomzurich\" \/>\n<meta property=\"article:modified_time\" content=\"2023-08-14T14:52:19+00:00\" \/>\n<meta name=\"twitter:card\" content=\"summary_large_image\" \/>\n<meta name=\"twitter:label1\" content=\"Est. reading time\" \/>\n\t<meta name=\"twitter:data1\" content=\"4 minutes\" \/>\n<script type=\"application\/ld+json\" class=\"yoast-schema-graph\">{\"@context\":\"https:\/\/schema.org\",\"@graph\":[{\"@type\":\"WebPage\",\"@id\":\"https:\/\/roomescaperoom.ch\/rette-da-vinci-code-2\/\",\"url\":\"https:\/\/roomescaperoom.ch\/rette-da-vinci-code-2\/\",\"name\":\"Rette ROOM Escape Room Z\u00fcrich\",\"isPartOf\":{\"@id\":\"https:\/\/roomescaperoom.ch\/en\/#website\"},\"datePublished\":\"2022-05-24T09:56:26+00:00\",\"dateModified\":\"2023-08-14T14:52:19+00:00\",\"description\":\"Der perfekte Escape Room f\u00fcr ihr Teambuilding-Event. Zusammen mit unserem VR-Adventure Partner k\u00f6nnen bis zu 80 Personen gleichzeitig spielen!\",\"breadcrumb\":{\"@id\":\"https:\/\/roomescaperoom.ch\/rette-da-vinci-code-2\/#breadcrumb\"},\"inLanguage\":\"en-US\",\"potentialAction\":[{\"@type\":\"ReadAction\",\"target\":[\"https:\/\/roomescaperoom.ch\/rette-da-vinci-code-2\/\"]}]},{\"@type\":\"BreadcrumbList\",\"@id\":\"https:\/\/roomescaperoom.ch\/rette-da-vinci-code-2\/#breadcrumb\",\"itemListElement\":[{\"@type\":\"ListItem\",\"position\":1,\"name\":\"Home\",\"item\":\"https:\/\/roomescaperoom.ch\/\"},{\"@type\":\"ListItem\",\"position\":2,\"name\":\"Rette ROOM Escape Room Z\u00fcrich\"}]},{\"@type\":\"WebSite\",\"@id\":\"https:\/\/roomescaperoom.ch\/en\/#website\",\"url\":\"https:\/\/roomescaperoom.ch\/en\/\",\"name\":\"ROOM: escape \u2022 arcade \u2022 activate games\",\"description\":\"ROOM Escape Room\",\"publisher\":{\"@id\":\"https:\/\/roomescaperoom.ch\/en\/#organization\"},\"potentialAction\":[{\"@type\":\"SearchAction\",\"target\":{\"@type\":\"EntryPoint\",\"urlTemplate\":\"https:\/\/roomescaperoom.ch\/en\/?s={search_term_string}\"},\"query-input\":{\"@type\":\"PropertyValueSpecification\",\"valueRequired\":true,\"valueName\":\"search_term_string\"}}],\"inLanguage\":\"en-US\"},{\"@type\":[\"Organization\",\"Place\"],\"@id\":\"https:\/\/roomescaperoom.ch\/en\/#organization\",\"name\":\"ROOM Escape Room\",\"url\":\"https:\/\/roomescaperoom.ch\/en\/\",\"logo\":{\"@id\":\"https:\/\/roomescaperoom.ch\/rette-da-vinci-code-2\/#local-main-organization-logo\"},\"image\":{\"@id\":\"https:\/\/roomescaperoom.ch\/rette-da-vinci-code-2\/#local-main-organization-logo\"},\"sameAs\":[\"https:\/\/www.facebook.com\/ROOMescaperoomzurich\",\"https:\/\/www.instagram.com\/roomescaperoom\/\"],\"telephone\":[],\"openingHoursSpecification\":[{\"@type\":\"OpeningHoursSpecification\",\"dayOfWeek\":[\"Monday\",\"Tuesday\",\"Wednesday\",\"Thursday\",\"Friday\",\"Saturday\",\"Sunday\"],\"opens\":\"09:00\",\"closes\":\"17:00\"}]},{\"@type\":\"ImageObject\",\"inLanguage\":\"en-US\",\"@id\":\"https:\/\/roomescaperoom.ch\/rette-da-vinci-code-2\/#local-main-organization-logo\",\"url\":\"https:\/\/roomescaperoom.ch\/wp-content\/uploads\/2024\/03\/cropped-ROOM_vertical_ver.png\",\"contentUrl\":\"https:\/\/roomescaperoom.ch\/wp-content\/uploads\/2024\/03\/cropped-ROOM_vertical_ver.png\",\"width\":173,\"height\":173,\"caption\":\"ROOM Escape Room\"}]}<\/script>\n<!-- \/ Yoast SEO Premium plugin. -->","yoast_head_json":{"title":"Rette ROOM Escape Room Z\u00fcrich","description":"Der perfekte Escape Room f\u00fcr ihr Teambuilding-Event. Zusammen mit unserem VR-Adventure Partner k\u00f6nnen bis zu 80 Personen gleichzeitig spielen!","robots":{"index":"index","follow":"follow","max-snippet":"max-snippet:-1","max-image-preview":"max-image-preview:large","max-video-preview":"max-video-preview:-1"},"canonical":"https:\/\/roomescaperoom.ch\/en\/wp-json\/wp\/v2\/pages\/56564","og_locale":"en_US","og_type":"article","og_title":"Rette ROOM Escape Room Z\u00fcrich","og_description":"Der perfekte Escape Room f\u00fcr ihr Teambuilding-Event. Zusammen mit unserem VR-Adventure Partner k\u00f6nnen bis zu 80 Personen gleichzeitig spielen!","og_url":"https:\/\/roomescaperoom.ch\/rette-da-vinci-code-2\/","og_site_name":"ROOM: escape \u2022 arcade \u2022 activate games","article_publisher":"https:\/\/www.facebook.com\/ROOMescaperoomzurich","article_modified_time":"2023-08-14T14:52:19+00:00","twitter_card":"summary_large_image","twitter_misc":{"Est. reading time":"4 minutes"},"schema":{"@context":"https:\/\/schema.org","@graph":[{"@type":"WebPage","@id":"https:\/\/roomescaperoom.ch\/rette-da-vinci-code-2\/","url":"https:\/\/roomescaperoom.ch\/rette-da-vinci-code-2\/","name":"Rette ROOM Escape Room Z\u00fcrich","isPartOf":{"@id":"https:\/\/roomescaperoom.ch\/en\/#website"},"datePublished":"2022-05-24T09:56:26+00:00","dateModified":"2023-08-14T14:52:19+00:00","description":"Der perfekte Escape Room f\u00fcr ihr Teambuilding-Event. Zusammen mit unserem VR-Adventure Partner k\u00f6nnen bis zu 80 Personen gleichzeitig spielen!","breadcrumb":{"@id":"https:\/\/roomescaperoom.ch\/rette-da-vinci-code-2\/#breadcrumb"},"inLanguage":"en-US","potentialAction":[{"@type":"ReadAction","target":["https:\/\/roomescaperoom.ch\/rette-da-vinci-code-2\/"]}]},{"@type":"BreadcrumbList","@id":"https:\/\/roomescaperoom.ch\/rette-da-vinci-code-2\/#breadcrumb","itemListElement":[{"@type":"ListItem","position":1,"name":"Home","item":"https:\/\/roomescaperoom.ch\/"},{"@type":"ListItem","position":2,"name":"Rette ROOM Escape Room Z\u00fcrich"}]},{"@type":"WebSite","@id":"https:\/\/roomescaperoom.ch\/en\/#website","url":"https:\/\/roomescaperoom.ch\/en\/","name":"ROOM: escape \u2022 arcade \u2022 activate games","description":"ROOM Escape Room","publisher":{"@id":"https:\/\/roomescaperoom.ch\/en\/#organization"},"potentialAction":[{"@type":"SearchAction","target":{"@type":"EntryPoint","urlTemplate":"https:\/\/roomescaperoom.ch\/en\/?s={search_term_string}"},"query-input":{"@type":"PropertyValueSpecification","valueRequired":true,"valueName":"search_term_string"}}],"inLanguage":"en-US"},{"@type":["Organization","Place"],"@id":"https:\/\/roomescaperoom.ch\/en\/#organization","name":"ROOM Escape Room","url":"https:\/\/roomescaperoom.ch\/en\/","logo":{"@id":"https:\/\/roomescaperoom.ch\/rette-da-vinci-code-2\/#local-main-organization-logo"},"image":{"@id":"https:\/\/roomescaperoom.ch\/rette-da-vinci-code-2\/#local-main-organization-logo"},"sameAs":["https:\/\/www.facebook.com\/ROOMescaperoomzurich","https:\/\/www.instagram.com\/roomescaperoom\/"],"telephone":[],"openingHoursSpecification":[{"@type":"OpeningHoursSpecification","dayOfWeek":["Monday","Tuesday","Wednesday","Thursday","Friday","Saturday","Sunday"],"opens":"09:00","closes":"17:00"}]},{"@type":"ImageObject","inLanguage":"en-US","@id":"https:\/\/roomescaperoom.ch\/rette-da-vinci-code-2\/#local-main-organization-logo","url":"https:\/\/roomescaperoom.ch\/wp-content\/uploads\/2024\/03\/cropped-ROOM_vertical_ver.png","contentUrl":"https:\/\/roomescaperoom.ch\/wp-content\/uploads\/2024\/03\/cropped-ROOM_vertical_ver.png","width":173,"height":173,"caption":"ROOM Escape Room"}]}},"_links":{"self":[{"href":"https:\/\/roomescaperoom.ch\/en\/wp-json\/wp\/v2\/pages\/56564","targetHints":{"allow":["GET"]}}],"collection":[{"href":"https:\/\/roomescaperoom.ch\/en\/wp-json\/wp\/v2\/pages"}],"about":[{"href":"https:\/\/roomescaperoom.ch\/en\/wp-json\/wp\/v2\/types\/page"}],"author":[{"embeddable":true,"href":"https:\/\/roomescaperoom.ch\/en\/wp-json\/wp\/v2\/users\/6"}],"replies":[{"embeddable":true,"href":"https:\/\/roomescaperoom.ch\/en\/wp-json\/wp\/v2\/comments?post=56564"}],"version-history":[{"count":0,"href":"https:\/\/roomescaperoom.ch\/en\/wp-json\/wp\/v2\/pages\/56564\/revisions"}],"wp:attachment":[{"href":"https:\/\/roomescaperoom.ch\/en\/wp-json\/wp\/v2\/media?parent=56564"}],"curies":[{"name":"wp","href":"https:\/\/api.w.org\/{rel}","templated":true}]}}