{"id":82233,"date":"2023-07-24T11:12:20","date_gmt":"2023-07-24T09:12:20","guid":{"rendered":"https:\/\/roomescaperoom.ch\/?page_id=82233"},"modified":"2024-06-23T18:32:23","modified_gmt":"2024-06-23T16:32:23","slug":"presse","status":"publish","type":"page","link":"https:\/\/roomescaperoom.ch\/en\/presse\/","title":{"rendered":"Press"},"content":{"rendered":"\t\t<div data-elementor-type=\"wp-page\" data-elementor-id=\"82233\" class=\"elementor elementor-82233\">\n\t\t\t\t\t\t<section class=\"elementor-section elementor-top-section elementor-element elementor-element-3b03401b elementor-section-height-min-height elementor-section-stretched elementor-section-boxed elementor-section-height-default elementor-section-items-middle\" data-id=\"3b03401b\" data-element_type=\"section\" data-settings=\"{&quot;stretch_section&quot;:&quot;section-stretched&quot;,&quot;background_background&quot;:&quot;classic&quot;}\">\n\t\t\t\t\t\t\t<div class=\"elementor-background-overlay\"><\/div>\n\t\t\t\t\t\t\t<div class=\"elementor-container elementor-column-gap-default\">\n\t\t\t\t\t<div class=\"elementor-column elementor-col-50 elementor-top-column elementor-element elementor-element-7eb4b97d\" data-id=\"7eb4b97d\" data-element_type=\"column\">\n\t\t\t<div class=\"elementor-widget-wrap elementor-element-populated\">\n\t\t\t\t\t\t<div class=\"elementor-element elementor-element-3dfbf30c elementor-widget elementor-widget-heading\" data-id=\"3dfbf30c\" data-element_type=\"widget\" data-widget_type=\"heading.default\">\n\t\t\t\t<div class=\"elementor-widget-container\">\n\t\t\t\t\t<h1 class=\"elementor-heading-title elementor-size-default\">Press<\/h1>\t\t\t\t<\/div>\n\t\t\t\t<\/div>\n\t\t\t\t\t<\/div>\n\t\t<\/div>\n\t\t\t\t<div class=\"elementor-column elementor-col-50 elementor-top-column elementor-element elementor-element-2e22990f elementor-hidden-mobile\" data-id=\"2e22990f\" data-element_type=\"column\">\n\t\t\t<div class=\"elementor-widget-wrap\">\n\t\t\t\t\t\t\t<\/div>\n\t\t<\/div>\n\t\t\t\t\t<\/div>\n\t\t<\/section>\n\t\t<div class=\"elementor-element elementor-element-80198f1 e-flex e-con-boxed e-con e-parent\" data-id=\"80198f1\" data-element_type=\"container\">\n\t\t\t\t\t<div class=\"e-con-inner\">\n\t\t\t\t<div class=\"elementor-element elementor-element-2801cf1 premium-blog-align-left elementor-widget elementor-widget-premium-addon-blog\" data-id=\"2801cf1\" data-element_type=\"widget\" data-settings=\"{&quot;premium_blog_columns_number&quot;:&quot;100%&quot;,&quot;premium_blog_grid&quot;:&quot;yes&quot;,&quot;premium_blog_layout&quot;:&quot;even&quot;,&quot;premium_blog_columns_number_tablet&quot;:&quot;50%&quot;,&quot;premium_blog_columns_number_mobile&quot;:&quot;100%&quot;}\" data-widget_type=\"premium-addon-blog.default\">\n\t\t\t\t<div class=\"elementor-widget-container\">\n\t\t\t\t\t\r\n\t\t\t\t<div class=\"premium-blog-wrap  premium-blog-even\" data-page=\"82233\">\r\n\t\t\t\t\t<div class=\"premium-blog-post-outer-container\" data-total=\"1\">\r\n\t\t\t<div class=\"premium-blog-post-container premium-blog-skin-modern\">\r\n\t\t\t\t\t\t\t\t\t\t\t\t<div class=\"premium-blog-content-wrapper empty-thumb\">\r\n\r\n\t\t\t\t\t<div class=\"premium-blog-inner-container\">\r\n\r\n\t\t\t\t\t\t\t\t\t\t\t\t\t\t<h2 class=\"premium-blog-entry-title\">\r\n\t\t\t<a href=\"https:\/\/roomescaperoom.ch\/en\/media\/room-escape-room-im-freizeit-ch\/\" target=\"_self\">\r\n\t\t\t\tROOM Escape Room im <a href=\"https:\/\/www.freizeit.ch\/freizeit\/21901\/room-escape-room-zurich\" target=\"_blank\">Freizeit.ch<\/a>\t\t\t<\/a>\r\n\t\t<\/h2>\r\n\t\t\t\t<div class=\"premium-blog-entry-meta\">\r\n\t\t\t\r\n\t\t\t\t\t\t\t<span class=\"premium-blog-meta-separator\">\u2022<\/span>\r\n\t\t\t\t<div class=\"premium-blog-post-time premium-blog-meta-data\">\r\n\t\t\t\t\t<i class=\"fa fa-calendar-alt\" aria-hidden=\"true\"><\/i>\r\n\t\t\t\t\t<span>05.06.2019<\/span>\r\n\t\t\t\t<\/div>\r\n\t\t\t\r\n\t\t\t\r\n\t\t\t\t\t<\/div>\r\n\t\t\r\n\t\t\t\t\t<\/div>\r\n\r\n\t\t\t\t\t\t\t<div class=\"premium-blog-content-inner-wrapper\">\r\n\t\t<p class=\"premium-blog-post-content\">3&#8230; 2&#8230; 1&#8230; und los. Jetzt bleiben genau 60 Minuten, um den Weg nach draussen zu finden. Gespielt wird im Weltraum, einer antarktischen Forschungsstation oder einem verlassenen Haus unweit vom Z\u00fcrichsee. Seit einigen Jahren erfreuen sich Escape Games einer stetig wachsenden Beliebtheit. Gruppen aus Freunden, Familie oder Arbeitskollegen lassen sich \u2026<\/p>\t\t<\/div>\r\n\t\t\t\t\t\t\t\r\n\t\t\t\t<\/div>\r\n\t\t\t<\/div>\r\n\t\t<\/div>\r\n\r\n\t\t\t\t<div class=\"premium-blog-post-outer-container\" data-total=\"1\">\r\n\t\t\t<div class=\"premium-blog-post-container premium-blog-skin-modern\">\r\n\t\t\t\t\t\t\t\t\t\t\t\t<div class=\"premium-blog-content-wrapper empty-thumb\">\r\n\r\n\t\t\t\t\t<div class=\"premium-blog-inner-container\">\r\n\r\n\t\t\t\t\t\t\t\t\t\t\t\t\t\t<h2 class=\"premium-blog-entry-title\">\r\n\t\t\t<a href=\"https:\/\/roomescaperoom.ch\/en\/media\/room-escape-room-zurich-im-lebegeil\/\" target=\"_self\">\r\n\t\t\t\tROOM \u2013 Escape Room Z\u00fcrich im lebegeil\t\t\t<\/a>\r\n\t\t<\/h2>\r\n\t\t\t\t<div class=\"premium-blog-entry-meta\">\r\n\t\t\t\r\n\t\t\t\t\t\t\t<span class=\"premium-blog-meta-separator\">\u2022<\/span>\r\n\t\t\t\t<div class=\"premium-blog-post-time premium-blog-meta-data\">\r\n\t\t\t\t\t<i class=\"fa fa-calendar-alt\" aria-hidden=\"true\"><\/i>\r\n\t\t\t\t\t<span>22.02.2019<\/span>\r\n\t\t\t\t<\/div>\r\n\t\t\t\r\n\t\t\t\r\n\t\t\t\t\t<\/div>\r\n\t\t\r\n\t\t\t\t\t<\/div>\r\n\r\n\t\t\t\t\t\t\t<div class=\"premium-blog-content-inner-wrapper\">\r\n\t\t<p class=\"premium-blog-post-content\">Wir waren bei ROOM Escape Room in Z\u00fcrich zu Besuch und haben den Raum \u201eDa Vinci Code\u201c gespielt. Zuvor war das Escape Game noch unter dem Namen Claustrophobia bekannt, hat sich aber im Januar 2019 vom russischen Franchise getrennt und betreibt jetzt eigenst\u00e4ndig seine Escape Rooms. Room Z\u00fcrich befindet sich \u2026<\/p>\t\t<\/div>\r\n\t\t\t\t\t\t\t\r\n\t\t\t\t<\/div>\r\n\t\t\t<\/div>\r\n\t\t<\/div>\r\n\r\n\t\t\t\t<div class=\"premium-blog-post-outer-container\" data-total=\"1\">\r\n\t\t\t<div class=\"premium-blog-post-container premium-blog-skin-modern\">\r\n\t\t\t\t\t\t\t\t\t\t\t\t<div class=\"premium-blog-content-wrapper empty-thumb\">\r\n\r\n\t\t\t\t\t<div class=\"premium-blog-inner-container\">\r\n\r\n\t\t\t\t\t\t\t\t\t\t\t\t\t\t<h2 class=\"premium-blog-entry-title\">\r\n\t\t\t<a href=\"https:\/\/roomescaperoom.ch\/en\/media\/medienmitteilung-room-escape-room\/\" target=\"_self\">\r\n\t\t\t\tMedienmitteilung ROOM \u2013 Escape Room\t\t\t<\/a>\r\n\t\t<\/h2>\r\n\t\t\t\t<div class=\"premium-blog-entry-meta\">\r\n\t\t\t\r\n\t\t\t\t\t\t\t<span class=\"premium-blog-meta-separator\">\u2022<\/span>\r\n\t\t\t\t<div class=\"premium-blog-post-time premium-blog-meta-data\">\r\n\t\t\t\t\t<i class=\"fa fa-calendar-alt\" aria-hidden=\"true\"><\/i>\r\n\t\t\t\t\t<span>22.02.2019<\/span>\r\n\t\t\t\t<\/div>\r\n\t\t\t\r\n\t\t\t\r\n\t\t\t\t\t<\/div>\r\n\t\t\r\n\t\t\t\t\t<\/div>\r\n\r\n\t\t\t\t\t\t\t<div class=\"premium-blog-content-inner-wrapper\">\r\n\t\t<p class=\"premium-blog-post-content\">Das Team junger Schweizer Unternehmer macht sich selbst\u00e4ndig. Claustrophobia Z\u00fcrich heisst nun ROOM \u2013 Escape Room und l\u00f6st sich vom russischen Franchise per 1. Januar 2019. Der Standort in Z\u00fcrich neben dem Letzipark bleibt bestehen. Innovative R\u00e4tselr\u00e4ume k\u00f6nnen neu unter https:\/\/roomescaperoom.ch gebucht werden. Ein Escape Raum ist ein Spiel f\u00fcr \u2026<\/p>\t\t<\/div>\r\n\t\t\t\t\t\t\t\r\n\t\t\t\t<\/div>\r\n\t\t\t<\/div>\r\n\t\t<\/div>\r\n\r\n\t\t\t\t<\/div>\r\n\r\n\t\t\t\t\t\t<\/div>\n\t\t\t\t<\/div>\n\t\t\t\t\t<\/div>\n\t\t\t\t<\/div>\n\t\t\t\t<\/div>\n\t\t","protected":false},"excerpt":{"rendered":"<p>Press ROOM Escape Room im Freizeit.ch \u2022 05.06.2019 3&#8230; 2&#8230; 1&#8230; und los. Jetzt bleiben genau 60 Minuten, um den Weg nach draussen zu finden. Gespielt wird im Weltraum, einer antarktischen Forschungsstation oder einem verlassenen Haus unweit vom Z\u00fcrichsee. Seit einigen Jahren erfreuen sich Escape Games einer stetig wachsenden Beliebtheit. Gruppen aus Freunden, Familie oder Arbeitskollegen lassen sich \u2026 ROOM \u2013 Escape Room Z\u00fcrich im lebegeil \u2022 22.02.2019 Wir waren bei ROOM Escape Room in Z\u00fcrich zu Besuch und haben den Raum \u201eDa Vinci Code\u201c gespielt. Zuvor war das Escape Game noch unter dem Namen Claustrophobia bekannt, hat sich aber im Januar 2019 vom russischen Franchise getrennt und betreibt jetzt eigenst\u00e4ndig seine Escape Rooms. Room Z\u00fcrich befindet sich \u2026 Medienmitteilung ROOM \u2013 Escape Room \u2022 22.02.2019 Das Team junger Schweizer Unternehmer macht sich selbst\u00e4ndig. Claustrophobia Z\u00fcrich heisst nun ROOM \u2013 Escape Room und l\u00f6st sich vom russischen Franchise per 1.<\/p>\n","protected":false},"author":12,"featured_media":0,"parent":0,"menu_order":0,"comment_status":"closed","ping_status":"closed","template":"","meta":{"_acf_changed":false,"footnotes":""},"class_list":["post-82233","page","type-page","status-publish","hentry"],"acf":[],"yoast_head":"<!-- This site is optimized with the Yoast SEO Premium plugin v25.4 (Yoast SEO v25.4) - https:\/\/yoast.com\/wordpress\/plugins\/seo\/ -->\n<title>Press - ROOM: escape \u2022 arcade \u2022 activate games<\/title>\n<meta name=\"robots\" content=\"index, follow, max-snippet:-1, max-image-preview:large, max-video-preview:-1\" \/>\n<link rel=\"canonical\" href=\"https:\/\/roomescaperoom.ch\/en\/wp-json\/wp\/v2\/pages\/82233\" \/>\n<meta property=\"og:locale\" content=\"en_US\" \/>\n<meta property=\"og:type\" content=\"article\" \/>\n<meta property=\"og:title\" content=\"[:en]Press[:de]Presse[:]\" \/>\n<meta property=\"og:description\" content=\"Press ROOM Escape Room im Freizeit.ch \u2022 05.06.2019 3&#8230; 2&#8230; 1&#8230; und los. Jetzt bleiben genau 60 Minuten, um den Weg nach draussen zu finden. Gespielt wird im Weltraum, einer antarktischen Forschungsstation oder einem verlassenen Haus unweit vom Z\u00fcrichsee. Seit einigen Jahren erfreuen sich Escape Games einer stetig wachsenden Beliebtheit. Gruppen aus Freunden, Familie oder Arbeitskollegen lassen sich \u2026 ROOM \u2013 Escape Room Z\u00fcrich im lebegeil \u2022 22.02.2019 Wir waren bei ROOM Escape Room in Z\u00fcrich zu Besuch und haben den Raum \u201eDa Vinci Code\u201c gespielt. Zuvor war das Escape Game noch unter dem Namen Claustrophobia bekannt, hat sich aber im Januar 2019 vom russischen Franchise getrennt und betreibt jetzt eigenst\u00e4ndig seine Escape Rooms. Room Z\u00fcrich befindet sich \u2026 Medienmitteilung ROOM \u2013 Escape Room \u2022 22.02.2019 Das Team junger Schweizer Unternehmer macht sich selbst\u00e4ndig. Claustrophobia Z\u00fcrich heisst nun ROOM \u2013 Escape Room und l\u00f6st sich vom russischen Franchise per 1.\" \/>\n<meta property=\"og:url\" content=\"https:\/\/roomescaperoom.ch\/presse\/\" \/>\n<meta property=\"og:site_name\" content=\"ROOM: escape \u2022 arcade \u2022 activate games\" \/>\n<meta property=\"article:publisher\" content=\"https:\/\/www.facebook.com\/ROOMescaperoomzurich\" \/>\n<meta property=\"article:modified_time\" content=\"2024-06-23T16:32:23+00:00\" \/>\n<meta name=\"twitter:card\" content=\"summary_large_image\" \/>\n<meta name=\"twitter:label1\" content=\"Est. reading time\" \/>\n\t<meta name=\"twitter:data1\" content=\"1 minute\" \/>\n<script type=\"application\/ld+json\" class=\"yoast-schema-graph\">{\"@context\":\"https:\/\/schema.org\",\"@graph\":[{\"@type\":\"WebPage\",\"@id\":\"https:\/\/roomescaperoom.ch\/presse\/\",\"url\":\"https:\/\/roomescaperoom.ch\/presse\/\",\"name\":\"[:en]Press[:de]Presse[:] - ROOM: escape \u2022 arcade \u2022 activate games\",\"isPartOf\":{\"@id\":\"https:\/\/roomescaperoom.ch\/en\/#website\"},\"datePublished\":\"2023-07-24T09:12:20+00:00\",\"dateModified\":\"2024-06-23T16:32:23+00:00\",\"breadcrumb\":{\"@id\":\"https:\/\/roomescaperoom.ch\/presse\/#breadcrumb\"},\"inLanguage\":\"en-US\",\"potentialAction\":[{\"@type\":\"ReadAction\",\"target\":[\"https:\/\/roomescaperoom.ch\/presse\/\"]}]},{\"@type\":\"BreadcrumbList\",\"@id\":\"https:\/\/roomescaperoom.ch\/presse\/#breadcrumb\",\"itemListElement\":[{\"@type\":\"ListItem\",\"position\":1,\"name\":\"Home\",\"item\":\"https:\/\/roomescaperoom.ch\/\"},{\"@type\":\"ListItem\",\"position\":2,\"name\":\"Presse\"}]},{\"@type\":\"WebSite\",\"@id\":\"https:\/\/roomescaperoom.ch\/en\/#website\",\"url\":\"https:\/\/roomescaperoom.ch\/en\/\",\"name\":\"ROOM: escape \u2022 arcade \u2022 activate games\",\"description\":\"ROOM Escape Room\",\"publisher\":{\"@id\":\"https:\/\/roomescaperoom.ch\/en\/#organization\"},\"potentialAction\":[{\"@type\":\"SearchAction\",\"target\":{\"@type\":\"EntryPoint\",\"urlTemplate\":\"https:\/\/roomescaperoom.ch\/en\/?s={search_term_string}\"},\"query-input\":{\"@type\":\"PropertyValueSpecification\",\"valueRequired\":true,\"valueName\":\"search_term_string\"}}],\"inLanguage\":\"en-US\"},{\"@type\":[\"Organization\",\"Place\"],\"@id\":\"https:\/\/roomescaperoom.ch\/en\/#organization\",\"name\":\"ROOM Escape Room\",\"url\":\"https:\/\/roomescaperoom.ch\/en\/\",\"logo\":{\"@id\":\"https:\/\/roomescaperoom.ch\/presse\/#local-main-organization-logo\"},\"image\":{\"@id\":\"https:\/\/roomescaperoom.ch\/presse\/#local-main-organization-logo\"},\"sameAs\":[\"https:\/\/www.facebook.com\/ROOMescaperoomzurich\",\"https:\/\/www.instagram.com\/roomescaperoom\/\"],\"telephone\":[],\"openingHoursSpecification\":[{\"@type\":\"OpeningHoursSpecification\",\"dayOfWeek\":[\"Monday\",\"Tuesday\",\"Wednesday\",\"Thursday\",\"Friday\",\"Saturday\",\"Sunday\"],\"opens\":\"09:00\",\"closes\":\"17:00\"}]},{\"@type\":\"ImageObject\",\"inLanguage\":\"en-US\",\"@id\":\"https:\/\/roomescaperoom.ch\/presse\/#local-main-organization-logo\",\"url\":\"https:\/\/roomescaperoom.ch\/wp-content\/uploads\/2024\/03\/cropped-ROOM_vertical_ver.png\",\"contentUrl\":\"https:\/\/roomescaperoom.ch\/wp-content\/uploads\/2024\/03\/cropped-ROOM_vertical_ver.png\",\"width\":173,\"height\":173,\"caption\":\"ROOM Escape Room\"}]}<\/script>\n<!-- \/ Yoast SEO Premium plugin. -->","yoast_head_json":{"title":"[:en]Press[:de]Presse[:] - ROOM: escape \u2022 arcade \u2022 activate games","robots":{"index":"index","follow":"follow","max-snippet":"max-snippet:-1","max-image-preview":"max-image-preview:large","max-video-preview":"max-video-preview:-1"},"canonical":"https:\/\/roomescaperoom.ch\/en\/wp-json\/wp\/v2\/pages\/82233","og_locale":"en_US","og_type":"article","og_title":"[:en]Press[:de]Presse[:]","og_description":"Press ROOM Escape Room im Freizeit.ch \u2022 05.06.2019 3&#8230; 2&#8230; 1&#8230; und los. Jetzt bleiben genau 60 Minuten, um den Weg nach draussen zu finden. Gespielt wird im Weltraum, einer antarktischen Forschungsstation oder einem verlassenen Haus unweit vom Z\u00fcrichsee. Seit einigen Jahren erfreuen sich Escape Games einer stetig wachsenden Beliebtheit. Gruppen aus Freunden, Familie oder Arbeitskollegen lassen sich \u2026 ROOM \u2013 Escape Room Z\u00fcrich im lebegeil \u2022 22.02.2019 Wir waren bei ROOM Escape Room in Z\u00fcrich zu Besuch und haben den Raum \u201eDa Vinci Code\u201c gespielt. Zuvor war das Escape Game noch unter dem Namen Claustrophobia bekannt, hat sich aber im Januar 2019 vom russischen Franchise getrennt und betreibt jetzt eigenst\u00e4ndig seine Escape Rooms. Room Z\u00fcrich befindet sich \u2026 Medienmitteilung ROOM \u2013 Escape Room \u2022 22.02.2019 Das Team junger Schweizer Unternehmer macht sich selbst\u00e4ndig. Claustrophobia Z\u00fcrich heisst nun ROOM \u2013 Escape Room und l\u00f6st sich vom russischen Franchise per 1.","og_url":"https:\/\/roomescaperoom.ch\/presse\/","og_site_name":"ROOM: escape \u2022 arcade \u2022 activate games","article_publisher":"https:\/\/www.facebook.com\/ROOMescaperoomzurich","article_modified_time":"2024-06-23T16:32:23+00:00","twitter_card":"summary_large_image","twitter_misc":{"Est. reading time":"1 minute"},"schema":{"@context":"https:\/\/schema.org","@graph":[{"@type":"WebPage","@id":"https:\/\/roomescaperoom.ch\/presse\/","url":"https:\/\/roomescaperoom.ch\/presse\/","name":"[:en]Press[:de]Presse[:] - ROOM: escape \u2022 arcade \u2022 activate games","isPartOf":{"@id":"https:\/\/roomescaperoom.ch\/en\/#website"},"datePublished":"2023-07-24T09:12:20+00:00","dateModified":"2024-06-23T16:32:23+00:00","breadcrumb":{"@id":"https:\/\/roomescaperoom.ch\/presse\/#breadcrumb"},"inLanguage":"en-US","potentialAction":[{"@type":"ReadAction","target":["https:\/\/roomescaperoom.ch\/presse\/"]}]},{"@type":"BreadcrumbList","@id":"https:\/\/roomescaperoom.ch\/presse\/#breadcrumb","itemListElement":[{"@type":"ListItem","position":1,"name":"Home","item":"https:\/\/roomescaperoom.ch\/"},{"@type":"ListItem","position":2,"name":"Presse"}]},{"@type":"WebSite","@id":"https:\/\/roomescaperoom.ch\/en\/#website","url":"https:\/\/roomescaperoom.ch\/en\/","name":"ROOM: escape \u2022 arcade \u2022 activate games","description":"ROOM Escape Room","publisher":{"@id":"https:\/\/roomescaperoom.ch\/en\/#organization"},"potentialAction":[{"@type":"SearchAction","target":{"@type":"EntryPoint","urlTemplate":"https:\/\/roomescaperoom.ch\/en\/?s={search_term_string}"},"query-input":{"@type":"PropertyValueSpecification","valueRequired":true,"valueName":"search_term_string"}}],"inLanguage":"en-US"},{"@type":["Organization","Place"],"@id":"https:\/\/roomescaperoom.ch\/en\/#organization","name":"ROOM Escape Room","url":"https:\/\/roomescaperoom.ch\/en\/","logo":{"@id":"https:\/\/roomescaperoom.ch\/presse\/#local-main-organization-logo"},"image":{"@id":"https:\/\/roomescaperoom.ch\/presse\/#local-main-organization-logo"},"sameAs":["https:\/\/www.facebook.com\/ROOMescaperoomzurich","https:\/\/www.instagram.com\/roomescaperoom\/"],"telephone":[],"openingHoursSpecification":[{"@type":"OpeningHoursSpecification","dayOfWeek":["Monday","Tuesday","Wednesday","Thursday","Friday","Saturday","Sunday"],"opens":"09:00","closes":"17:00"}]},{"@type":"ImageObject","inLanguage":"en-US","@id":"https:\/\/roomescaperoom.ch\/presse\/#local-main-organization-logo","url":"https:\/\/roomescaperoom.ch\/wp-content\/uploads\/2024\/03\/cropped-ROOM_vertical_ver.png","contentUrl":"https:\/\/roomescaperoom.ch\/wp-content\/uploads\/2024\/03\/cropped-ROOM_vertical_ver.png","width":173,"height":173,"caption":"ROOM Escape Room"}]}},"_links":{"self":[{"href":"https:\/\/roomescaperoom.ch\/en\/wp-json\/wp\/v2\/pages\/82233","targetHints":{"allow":["GET"]}}],"collection":[{"href":"https:\/\/roomescaperoom.ch\/en\/wp-json\/wp\/v2\/pages"}],"about":[{"href":"https:\/\/roomescaperoom.ch\/en\/wp-json\/wp\/v2\/types\/page"}],"author":[{"embeddable":true,"href":"https:\/\/roomescaperoom.ch\/en\/wp-json\/wp\/v2\/users\/12"}],"replies":[{"embeddable":true,"href":"https:\/\/roomescaperoom.ch\/en\/wp-json\/wp\/v2\/comments?post=82233"}],"version-history":[{"count":0,"href":"https:\/\/roomescaperoom.ch\/en\/wp-json\/wp\/v2\/pages\/82233\/revisions"}],"wp:attachment":[{"href":"https:\/\/roomescaperoom.ch\/en\/wp-json\/wp\/v2\/media?parent=82233"}],"curies":[{"name":"wp","href":"https:\/\/api.w.org\/{rel}","templated":true}]}}