{"id":156383,"date":"2025-09-25T11:20:14","date_gmt":"2025-09-25T09:20:14","guid":{"rendered":"https:\/\/roomescaperoom.ch\/?post_type=product&#038;p=156383"},"modified":"2025-11-12T11:14:46","modified_gmt":"2025-11-12T10:14:46","slug":"kleiner-apero-st-gallen","status":"publish","type":"product","link":"https:\/\/roomescaperoom.ch\/en\/product\/kleiner-apero-st-gallen\/","title":{"rendered":"Small Apero \u2013 after the game (ST. GALLEN)"},"content":{"rendered":"<p>A relaxed way to wrap up your game \u2013 light snacks, chips, dips, nuts, and fresh veggies to enjoy while you celebrate your escape.<br data-start=\"850\" data-end=\"853\" \/>The <strong data-start=\"857\" data-end=\"872\">Small Apero<\/strong> is the perfect add-on for a casual and cozy ending.<\/p>","protected":false},"excerpt":{"rendered":"<p>Relaxed snack aperitif featuring cheesy baked nachos, chips, dips, nuts, and fresh veggies \u2013 the perfect way to unwind and enjoy time together after your game.<\/p>\n","protected":false},"featured_media":160853,"template":"","meta":{"_acf_changed":false},"product_brand":[],"product_cat":[15],"product_tag":[],"giftcard-category":[],"class_list":{"0":"post-156383","1":"product","2":"type-product","3":"status-publish","4":"has-post-thumbnail","6":"product_cat-uncategorized","8":"first","9":"instock","10":"virtual","11":"sold-individually","12":"purchasable","13":"product-type-booking"},"acf":[],"yoast_head":"<!-- This site is optimized with the Yoast SEO Premium plugin v25.4 (Yoast SEO v25.4) - https:\/\/yoast.com\/wordpress\/plugins\/seo\/ -->\n<title>Small Apero \u2013 after the game (ST. GALLEN) - ROOM: escape \u2022 arcade \u2022 activate games<\/title>\n<meta name=\"robots\" content=\"noindex, nofollow\" \/>\n<meta property=\"og:locale\" content=\"en_US\" \/>\n<meta property=\"og:type\" content=\"article\" \/>\n<meta property=\"og:title\" content=\"[:de]Kleiner Apero \u2013 nach dem Spiel (ST. GALLEN)[:en]Small Apero \u2013 after the game (ST. GALLEN)[:]\" \/>\n<meta property=\"og:description\" content=\"[:de]Lockerer Snack-Apero mit \u00fcberbackenen Nachos, Chips, Dips, N\u00fcssen und frischem Gem\u00fcse \u2013 perfekt zum Entspannen und gemeinsamen Ausklang nach dem Spiel.[:en]Relaxed snack aperitif featuring cheesy baked nachos, chips, dips, nuts, and fresh veggies \u2013 the perfect way to unwind and enjoy time together after your game.[:]\" \/>\n<meta property=\"og:url\" content=\"https:\/\/roomescaperoom.ch\/product\/kleiner-apero-st-gallen\/\" \/>\n<meta property=\"og:site_name\" content=\"ROOM: escape \u2022 arcade \u2022 activate games\" \/>\n<meta property=\"article:publisher\" content=\"https:\/\/www.facebook.com\/ROOMescaperoomzurich\" \/>\n<meta property=\"article:modified_time\" content=\"2025-11-12T10:14:46+00:00\" \/>\n<meta property=\"og:image\" content=\"https:\/\/roomescaperoom.ch\/wp-content\/uploads\/2025\/03\/ChatGPT-Image-30.-Okt.-2025-18_45_05-683x1024.png\" \/>\n\t<meta property=\"og:image:width\" content=\"683\" \/>\n\t<meta property=\"og:image:height\" content=\"1024\" \/>\n\t<meta property=\"og:image:type\" content=\"image\/png\" \/>\n<meta name=\"twitter:card\" content=\"summary_large_image\" \/>\n<meta name=\"twitter:label1\" content=\"Est. reading time\" \/>\n\t<meta name=\"twitter:data1\" content=\"1 minute\" \/>\n<script type=\"application\/ld+json\" class=\"yoast-schema-graph\">{\"@context\":\"https:\/\/schema.org\",\"@graph\":[{\"@type\":\"WebPage\",\"@id\":\"https:\/\/roomescaperoom.ch\/product\/kleiner-apero-st-gallen\/\",\"url\":\"https:\/\/roomescaperoom.ch\/product\/kleiner-apero-st-gallen\/\",\"name\":\"[:de]Kleiner Apero \u2013 nach dem Spiel (ST. GALLEN)[:en]Small Apero \u2013 after the game (ST. GALLEN)[:] - ROOM: escape \u2022 arcade \u2022 activate games\",\"isPartOf\":{\"@id\":\"https:\/\/roomescaperoom.ch\/en\/#website\"},\"primaryImageOfPage\":{\"@id\":\"https:\/\/roomescaperoom.ch\/product\/kleiner-apero-st-gallen\/#primaryimage\"},\"image\":{\"@id\":\"https:\/\/roomescaperoom.ch\/product\/kleiner-apero-st-gallen\/#primaryimage\"},\"thumbnailUrl\":\"https:\/\/roomescaperoom.ch\/wp-content\/uploads\/2025\/03\/ChatGPT-Image-30.-Okt.-2025-18_45_05.png\",\"datePublished\":\"2025-09-25T09:20:14+00:00\",\"dateModified\":\"2025-11-12T10:14:46+00:00\",\"breadcrumb\":{\"@id\":\"https:\/\/roomescaperoom.ch\/product\/kleiner-apero-st-gallen\/#breadcrumb\"},\"inLanguage\":\"en-US\",\"potentialAction\":[{\"@type\":\"ReadAction\",\"target\":[\"https:\/\/roomescaperoom.ch\/product\/kleiner-apero-st-gallen\/\"]}]},{\"@type\":\"ImageObject\",\"inLanguage\":\"en-US\",\"@id\":\"https:\/\/roomescaperoom.ch\/product\/kleiner-apero-st-gallen\/#primaryimage\",\"url\":\"https:\/\/roomescaperoom.ch\/wp-content\/uploads\/2025\/03\/ChatGPT-Image-30.-Okt.-2025-18_45_05.png\",\"contentUrl\":\"https:\/\/roomescaperoom.ch\/wp-content\/uploads\/2025\/03\/ChatGPT-Image-30.-Okt.-2025-18_45_05.png\",\"width\":1024,\"height\":1536},{\"@type\":\"BreadcrumbList\",\"@id\":\"https:\/\/roomescaperoom.ch\/product\/kleiner-apero-st-gallen\/#breadcrumb\",\"itemListElement\":[{\"@type\":\"ListItem\",\"position\":1,\"name\":\"Home\",\"item\":\"https:\/\/roomescaperoom.ch\/\"},{\"@type\":\"ListItem\",\"position\":2,\"name\":\"Shop\",\"item\":\"https:\/\/roomescaperoom.ch\/shop\/\"},{\"@type\":\"ListItem\",\"position\":3,\"name\":\"Kleiner Apero \u2013 nach dem Spiel (ST. GALLEN)\"}]},{\"@type\":\"WebSite\",\"@id\":\"https:\/\/roomescaperoom.ch\/en\/#website\",\"url\":\"https:\/\/roomescaperoom.ch\/en\/\",\"name\":\"ROOM: escape \u2022 arcade \u2022 activate games\",\"description\":\"ROOM Escape Room\",\"publisher\":{\"@id\":\"https:\/\/roomescaperoom.ch\/en\/#organization\"},\"potentialAction\":[{\"@type\":\"SearchAction\",\"target\":{\"@type\":\"EntryPoint\",\"urlTemplate\":\"https:\/\/roomescaperoom.ch\/en\/?s={search_term_string}\"},\"query-input\":{\"@type\":\"PropertyValueSpecification\",\"valueRequired\":true,\"valueName\":\"search_term_string\"}}],\"inLanguage\":\"en-US\"},{\"@type\":[\"Organization\",\"Place\"],\"@id\":\"https:\/\/roomescaperoom.ch\/en\/#organization\",\"name\":\"ROOM Escape Room\",\"url\":\"https:\/\/roomescaperoom.ch\/en\/\",\"logo\":{\"@id\":\"https:\/\/roomescaperoom.ch\/product\/kleiner-apero-st-gallen\/#local-main-organization-logo\"},\"image\":{\"@id\":\"https:\/\/roomescaperoom.ch\/product\/kleiner-apero-st-gallen\/#local-main-organization-logo\"},\"sameAs\":[\"https:\/\/www.facebook.com\/ROOMescaperoomzurich\",\"https:\/\/www.instagram.com\/roomescaperoom\/\"],\"telephone\":[],\"openingHoursSpecification\":[{\"@type\":\"OpeningHoursSpecification\",\"dayOfWeek\":[\"Monday\",\"Tuesday\",\"Wednesday\",\"Thursday\",\"Friday\",\"Saturday\",\"Sunday\"],\"opens\":\"09:00\",\"closes\":\"17:00\"}]},{\"@type\":\"ImageObject\",\"inLanguage\":\"en-US\",\"@id\":\"https:\/\/roomescaperoom.ch\/product\/kleiner-apero-st-gallen\/#local-main-organization-logo\",\"url\":\"https:\/\/roomescaperoom.ch\/wp-content\/uploads\/2024\/03\/cropped-ROOM_vertical_ver.png\",\"contentUrl\":\"https:\/\/roomescaperoom.ch\/wp-content\/uploads\/2024\/03\/cropped-ROOM_vertical_ver.png\",\"width\":173,\"height\":173,\"caption\":\"ROOM Escape Room\"}]}<\/script>\n<!-- \/ Yoast SEO Premium plugin. -->","yoast_head_json":{"title":"[:de]Kleiner Apero \u2013 nach dem Spiel (ST. GALLEN)[:en]Small Apero \u2013 after the game (ST. GALLEN)[:] - ROOM: escape \u2022 arcade \u2022 activate games","robots":{"index":"noindex","follow":"nofollow"},"og_locale":"en_US","og_type":"article","og_title":"[:de]Kleiner Apero \u2013 nach dem Spiel (ST. GALLEN)[:en]Small Apero \u2013 after the game (ST. GALLEN)[:]","og_description":"[:de]Lockerer Snack-Apero mit \u00fcberbackenen Nachos, Chips, Dips, N\u00fcssen und frischem Gem\u00fcse \u2013 perfekt zum Entspannen und gemeinsamen Ausklang nach dem Spiel.[:en]Relaxed snack aperitif featuring cheesy baked nachos, chips, dips, nuts, and fresh veggies \u2013 the perfect way to unwind and enjoy time together after your game.[:]","og_url":"https:\/\/roomescaperoom.ch\/product\/kleiner-apero-st-gallen\/","og_site_name":"ROOM: escape \u2022 arcade \u2022 activate games","article_publisher":"https:\/\/www.facebook.com\/ROOMescaperoomzurich","article_modified_time":"2025-11-12T10:14:46+00:00","og_image":[{"width":683,"height":1024,"url":"https:\/\/roomescaperoom.ch\/wp-content\/uploads\/2025\/03\/ChatGPT-Image-30.-Okt.-2025-18_45_05-683x1024.png","type":"image\/png"}],"twitter_card":"summary_large_image","twitter_misc":{"Est. reading time":"1 minute"},"schema":{"@context":"https:\/\/schema.org","@graph":[{"@type":"WebPage","@id":"https:\/\/roomescaperoom.ch\/product\/kleiner-apero-st-gallen\/","url":"https:\/\/roomescaperoom.ch\/product\/kleiner-apero-st-gallen\/","name":"[:de]Kleiner Apero \u2013 nach dem Spiel (ST. GALLEN)[:en]Small Apero \u2013 after the game (ST. GALLEN)[:] - ROOM: escape \u2022 arcade \u2022 activate games","isPartOf":{"@id":"https:\/\/roomescaperoom.ch\/en\/#website"},"primaryImageOfPage":{"@id":"https:\/\/roomescaperoom.ch\/product\/kleiner-apero-st-gallen\/#primaryimage"},"image":{"@id":"https:\/\/roomescaperoom.ch\/product\/kleiner-apero-st-gallen\/#primaryimage"},"thumbnailUrl":"https:\/\/roomescaperoom.ch\/wp-content\/uploads\/2025\/03\/ChatGPT-Image-30.-Okt.-2025-18_45_05.png","datePublished":"2025-09-25T09:20:14+00:00","dateModified":"2025-11-12T10:14:46+00:00","breadcrumb":{"@id":"https:\/\/roomescaperoom.ch\/product\/kleiner-apero-st-gallen\/#breadcrumb"},"inLanguage":"en-US","potentialAction":[{"@type":"ReadAction","target":["https:\/\/roomescaperoom.ch\/product\/kleiner-apero-st-gallen\/"]}]},{"@type":"ImageObject","inLanguage":"en-US","@id":"https:\/\/roomescaperoom.ch\/product\/kleiner-apero-st-gallen\/#primaryimage","url":"https:\/\/roomescaperoom.ch\/wp-content\/uploads\/2025\/03\/ChatGPT-Image-30.-Okt.-2025-18_45_05.png","contentUrl":"https:\/\/roomescaperoom.ch\/wp-content\/uploads\/2025\/03\/ChatGPT-Image-30.-Okt.-2025-18_45_05.png","width":1024,"height":1536},{"@type":"BreadcrumbList","@id":"https:\/\/roomescaperoom.ch\/product\/kleiner-apero-st-gallen\/#breadcrumb","itemListElement":[{"@type":"ListItem","position":1,"name":"Home","item":"https:\/\/roomescaperoom.ch\/"},{"@type":"ListItem","position":2,"name":"Shop","item":"https:\/\/roomescaperoom.ch\/shop\/"},{"@type":"ListItem","position":3,"name":"Kleiner Apero \u2013 nach dem Spiel (ST. GALLEN)"}]},{"@type":"WebSite","@id":"https:\/\/roomescaperoom.ch\/en\/#website","url":"https:\/\/roomescaperoom.ch\/en\/","name":"ROOM: escape \u2022 arcade \u2022 activate games","description":"ROOM Escape Room","publisher":{"@id":"https:\/\/roomescaperoom.ch\/en\/#organization"},"potentialAction":[{"@type":"SearchAction","target":{"@type":"EntryPoint","urlTemplate":"https:\/\/roomescaperoom.ch\/en\/?s={search_term_string}"},"query-input":{"@type":"PropertyValueSpecification","valueRequired":true,"valueName":"search_term_string"}}],"inLanguage":"en-US"},{"@type":["Organization","Place"],"@id":"https:\/\/roomescaperoom.ch\/en\/#organization","name":"ROOM Escape Room","url":"https:\/\/roomescaperoom.ch\/en\/","logo":{"@id":"https:\/\/roomescaperoom.ch\/product\/kleiner-apero-st-gallen\/#local-main-organization-logo"},"image":{"@id":"https:\/\/roomescaperoom.ch\/product\/kleiner-apero-st-gallen\/#local-main-organization-logo"},"sameAs":["https:\/\/www.facebook.com\/ROOMescaperoomzurich","https:\/\/www.instagram.com\/roomescaperoom\/"],"telephone":[],"openingHoursSpecification":[{"@type":"OpeningHoursSpecification","dayOfWeek":["Monday","Tuesday","Wednesday","Thursday","Friday","Saturday","Sunday"],"opens":"09:00","closes":"17:00"}]},{"@type":"ImageObject","inLanguage":"en-US","@id":"https:\/\/roomescaperoom.ch\/product\/kleiner-apero-st-gallen\/#local-main-organization-logo","url":"https:\/\/roomescaperoom.ch\/wp-content\/uploads\/2024\/03\/cropped-ROOM_vertical_ver.png","contentUrl":"https:\/\/roomescaperoom.ch\/wp-content\/uploads\/2024\/03\/cropped-ROOM_vertical_ver.png","width":173,"height":173,"caption":"ROOM Escape Room"}]}},"_links":{"self":[{"href":"https:\/\/roomescaperoom.ch\/en\/wp-json\/wp\/v2\/product\/156383","targetHints":{"allow":["GET"]}}],"collection":[{"href":"https:\/\/roomescaperoom.ch\/en\/wp-json\/wp\/v2\/product"}],"about":[{"href":"https:\/\/roomescaperoom.ch\/en\/wp-json\/wp\/v2\/types\/product"}],"wp:featuredmedia":[{"embeddable":true,"href":"https:\/\/roomescaperoom.ch\/en\/wp-json\/wp\/v2\/media\/160853"}],"wp:attachment":[{"href":"https:\/\/roomescaperoom.ch\/en\/wp-json\/wp\/v2\/media?parent=156383"}],"wp:term":[{"taxonomy":"product_brand","embeddable":true,"href":"https:\/\/roomescaperoom.ch\/en\/wp-json\/wp\/v2\/product_brand?post=156383"},{"taxonomy":"product_cat","embeddable":true,"href":"https:\/\/roomescaperoom.ch\/en\/wp-json\/wp\/v2\/product_cat?post=156383"},{"taxonomy":"product_tag","embeddable":true,"href":"https:\/\/roomescaperoom.ch\/en\/wp-json\/wp\/v2\/product_tag?post=156383"},{"taxonomy":"giftcard-category","embeddable":true,"href":"https:\/\/roomescaperoom.ch\/en\/wp-json\/wp\/v2\/giftcard-category?post=156383"}],"curies":[{"name":"wp","href":"https:\/\/api.w.org\/{rel}","templated":true}]}}